{"id":846,"date":"2018-04-09T15:12:17","date_gmt":"2018-04-09T15:12:17","guid":{"rendered":"https:\/\/baldocer.com\/politica-de-privacidad\/"},"modified":"2020-11-23T10:10:14","modified_gmt":"2020-11-23T09:10:14","slug":"legal-advice","status":"publish","type":"page","link":"https:\/\/baldocer.com\/en\/legal-advice\/","title":{"rendered":"Legal advice"},"content":{"rendered":"<section class=\"wpb-content-wrapper\"><p>[vc_row][vc_column][vc_custom_heading text=&#8221;Aviso Legal&#8221; use_theme_fonts=&#8221;yes&#8221;][vc_column_text]Esta web ha sido creada por BALDOCER S.A. con car\u00e1cter informativo para su uso personal y gratuito.<\/p>\n<p>BALDOCER S.A. en cumplimiento de la normativa vigente en materia de protecci\u00f3n de datos de car\u00e1cter personal Ley Org\u00e1nica 3\/2018 y en concordancia con lo expresado en el Reglamento (RGPDUE) 2016\/679 del Parlamento Europeo y del Consejo, as\u00ed como de la regulaci\u00f3n existente en materia de Servicios de la Sociedad de la Informaci\u00f3n y de Comercio Electr\u00f3nico Ley 34\/2002), pone en su conocimiento las presentes condiciones generales de uso que se aplican a todas las operaciones realizadas a trav\u00e9s de la web: www.baldocer.com<\/p>\n<p>De acuerdo con la ley 34\/2002 de \u201cServicios de la Sociedad de Informaci\u00f3n y el Comercio Electr\u00f3nico\u201d en vigor desde julio de 2002, comunicamos que este sitio web pertenece a:<\/p>\n<p>Nombre fiscal de la sociedad: BALDOCER S.A.<\/p>\n<p>CIF de la sociedad: A12370821<\/p>\n<p>Domicilio de la sociedad:\u00a0 CTRA. LA POBLA TORNESA-VALL D\u2019ALBA, KM. 4\u00a0\u00a0 VILAFAM\u00c9S CASTELLON CP.12192<\/p>\n<p>Tel\u00e9fono: 34 96 465 79 99<\/p>\n<p>Direcci\u00f3n de correo electr\u00f3nico de la sociedad: baldocer@baldocer.com<\/p>\n<p>Datos legales y\/o registrales de la sociedad:<\/p>\n<p>Inscrita en el:<\/p>\n<p>Tomo 718<\/p>\n<p>Folio 77<\/p>\n<p>Hoja CS 7816<\/p>\n<p>Registro Mercantil de\u00a0 CASTELL\u00d3N[\/vc_column_text][vc_custom_heading text=&#8221;Condiciones de uso&#8221; use_theme_fonts=&#8221;yes&#8221;][vc_column_text]Esta web ha sido creada por BALDOCER S.A. \u00a0con car\u00e1cter informativo para su uso personal y gratuito.<\/p>\n<p><strong>a) Utilizaci\u00f3n l\u00edcita <\/strong><\/p>\n<p>El\/la usuario\/a de esta p\u00e1gina web y de sus servicios se obliga a realizar un uso conforme con las leyes y los usos del tr\u00e1fico, y se abstendr\u00e1 de utilizar la web y sus servicios con fines o efectos il\u00edcitos o que sean lesivos de los derechos e intereses de terceros, o que de cualquier forma puedan da\u00f1ar, inutilizar, sobrecargar o deteriorar la web y los servicios o impedir la normal utilizaci\u00f3n o disfrute de la web y de los servicios por parte de los usuarios. Quienes incumplan dicha obligaci\u00f3n responder\u00e1n, frente a BALDOCER S.A. y frente a terceros, de cualesquiera da\u00f1os y perjuicios que pudieran causarse como consecuencia del incumplimiento de dicha obligaci\u00f3n.<\/p>\n<p><strong>b) Garant\u00eda de errores <\/strong><\/p>\n<p>BALDOCER S.A. no garantiza la inexistencia de errores en el acceso a la web, o en su contenido; en el caso de que se citen o reproduzcan publicaciones de car\u00e1cter oficial, dicha reproducci\u00f3n tendr\u00e1 car\u00e1cter meramente informativo debiendo considerarse a todos los efectos como v\u00e1lida la publicaci\u00f3n en su bolet\u00edn o fuente oficial correspondiente.<\/p>\n<p><strong>c) Disponibilidad del servicio <\/strong><\/p>\n<p>BALDOCER S.A. se reserva la facultad de efectuar, en cualquier momento y sin necesidad de previo aviso, modificaciones y actualizaciones sobre la informaci\u00f3n contenida en su web o en su configuraci\u00f3n o presentaci\u00f3n.<\/p>\n<p>BALDOCER S.A. no garantiza la disponibilidad y continuidad del funcionamiento de la web y de los servicios. Cuando ello sea razonablemente posible, se advertir\u00e1 previamente las interrupciones en el funcionamiento de la web y de los servicios.<\/p>\n<p>BALDOCER S.A. excluye cualquier responsabilidad por los da\u00f1os y perjuicios de toda naturaleza que puedan deberse a la falta de disponibilidad o de continuidad del funcionamiento de la web y de los servicios, a la defraudaci\u00f3n de la utilidad que los usuarios hubieren podido atribuir a la web y a los servicios, a la falibilidad de la web y de los servicios, y en particular, aunque no de modo exclusivo, a los fallos en el acceso a las distintas p\u00e1ginas web o a aquellas desde las que se prestan los servicios.<\/p>\n<p><strong>Responsabilidad por el uso de la informaci\u00f3n contenida<\/strong><\/p>\n<p>El\/la usuario\/a es consciente y acepta voluntariamente que el uso de la web, de los servicios y de los contenidos tiene lugar, en todo caso, bajo su \u00fanica y exclusiva responsabilidad. Tanto el acceso a la web, como el uso que pueda hacerse de la informaci\u00f3n contenida en el mismo son de la exclusiva responsabilidad de quien lo realiza. BALDOCER S.A. no responder\u00e1 de ninguna consecuencia, da\u00f1o o perjuicio que pudieran derivarse de dicho acceso o uso de informaci\u00f3n ni de la aplicaci\u00f3n que de ellos se realice para apoyar cualquier opini\u00f3n o decisi\u00f3n personal o empresarial. BALDOCER S.A. no asume responsabilidad alguna derivada de la conexi\u00f3n o contenidos de los enlaces de terceros a los que se hace referencia en la web.<\/p>\n<p><strong>Propiedad intelectual<\/strong><\/p>\n<p>Los derechos de propiedad intelectual de la web, as\u00ed como de sus distintos contenidos son titularidad de BALDOCER S.A.<\/p>\n<p>Queda terminantemente prohibido realizar cualquier alteraci\u00f3n de esta p\u00e1gina. BALDOCER S.A. no asume ninguna responsabilidad que se pueda derivar de manipulaciones o alteraciones no autorizadas. BALDOCER S.A. no concede ninguna licencia o autorizaci\u00f3n de uso de ning\u00fan tipo sobre sus derechos de propiedad industrial e intelectual o sobre cualquier otra propiedad o derecho relacionado con la web, los servicios o los contenidos.<\/p>\n<p>Queda prohibida la reproducci\u00f3n total o parcial de los contenidos de esta web sin citar su origen o sin solicitar autorizaci\u00f3n expresa para ello. La utilizaci\u00f3n no autorizada de la informaci\u00f3n contenida en esta web, as\u00ed como los perjuicios ocasionados en los derechos de propiedad intelectual e industrial de BALDOCER S.A. dar\u00e1 lugar al ejercicio de las acciones que correspondan y, en su caso, a las responsabilidades que de dicho ejercicio se deriven.<\/p>\n<p><strong>Protecci\u00f3n de Datos de Car\u00e1cter Personal<\/strong><\/p>\n<p>En los supuestos en los que para acceder a alguna de las p\u00e1ginas o servicios de BALDOCER S.A. sea necesaria la recogida de datos de car\u00e1cter personal, se informa que los mismos ser\u00e1n tratados de conformidad con lo establecido en la normativa vigente relativa a la Protecci\u00f3n de Datos de Car\u00e1cter Personal y dem\u00e1s normas de desarrollo, conforme a lo establecido en el AVISO DE PRIVACIDAD DE ESTA WEB y al consentimiento que el\/la\/los usuarios deben aceptar previamente a efectuar cualquier tipo de comunicaci\u00f3n con BALDOCER S.A. desde esta p\u00e1gina web.<\/p>\n<p>En el caso de que nos facilite su direcci\u00f3n de correo electr\u00f3nico, se entiende que est\u00e1 prestando el consentimiento y aceptando este AVISO LEGAL y el AVISO DE PRIVACIDAD, para que la misma sea utilizada para el env\u00edo de comunicaciones relacionadas con los servicios prestados o a prestar y responder a sus consultas o peticiones por BALDOCER S.A.<\/p>\n<p><strong>Ley aplicable y jurisdicci\u00f3n<\/strong><\/p>\n<p>La utilizaci\u00f3n de esta p\u00e1gina web se rige por la ley espa\u00f1ola, con independencia del entorno legal del\/ de la usuario\/a. Cualquier disputa que pueda surgir en la interpretaci\u00f3n de estas condiciones se resolver\u00e1 en los tribunales del lugar donde tenga fijada su actividad BALDOCER S.A[\/vc_column_text][\/vc_column][\/vc_row]<\/p>\n<\/section>","protected":false},"excerpt":{"rendered":"<p>[vc_row][vc_column][vc_custom_heading text=&#8221;Aviso Legal&#8221; use_theme_fonts=&#8221;yes&#8221;][vc_column_text]Esta web ha sido creada por BALDOCER S.A. con car\u00e1cter informativo para su uso personal y gratuito. BALDOCER S.A. en cumplimiento de la normativa vigente en materia de protecci\u00f3n de datos de car\u00e1cter personal Ley Org\u00e1nica 3\/2018 y en concordancia con lo expresado en el Reglamento (RGPDUE) 2016\/679 del Parlamento Europeo y [&hellip;]<\/p>\n","protected":false},"author":1,"featured_media":0,"parent":0,"menu_order":0,"comment_status":"closed","ping_status":"closed","template":"","meta":{"footnotes":""},"class_list":["post-846","page","type-page","status-publish","hentry"],"_links":{"self":[{"href":"https:\/\/baldocer.com\/en\/wp-json\/wp\/v2\/pages\/846","targetHints":{"allow":["GET"]}}],"collection":[{"href":"https:\/\/baldocer.com\/en\/wp-json\/wp\/v2\/pages"}],"about":[{"href":"https:\/\/baldocer.com\/en\/wp-json\/wp\/v2\/types\/page"}],"author":[{"embeddable":true,"href":"https:\/\/baldocer.com\/en\/wp-json\/wp\/v2\/users\/1"}],"replies":[{"embeddable":true,"href":"https:\/\/baldocer.com\/en\/wp-json\/wp\/v2\/comments?post=846"}],"version-history":[{"count":5,"href":"https:\/\/baldocer.com\/en\/wp-json\/wp\/v2\/pages\/846\/revisions"}],"predecessor-version":[{"id":1479,"href":"https:\/\/baldocer.com\/en\/wp-json\/wp\/v2\/pages\/846\/revisions\/1479"}],"wp:attachment":[{"href":"https:\/\/baldocer.com\/en\/wp-json\/wp\/v2\/media?parent=846"}],"curies":[{"name":"wp","href":"https:\/\/api.w.org\/{rel}","templated":true}]}}