{"id":1482,"date":"2020-11-23T07:04:45","date_gmt":"2020-11-23T06:04:45","guid":{"rendered":"https:\/\/baldocer.com\/politica-de-privacidad\/"},"modified":"2023-10-26T08:54:13","modified_gmt":"2023-10-26T06:54:13","slug":"politica-de-privacidad","status":"publish","type":"page","link":"https:\/\/baldocer.com\/en\/politica-de-privacidad\/","title":{"rendered":"Pol\u00edtica de Privacidad"},"content":{"rendered":"<section class=\"wpb-content-wrapper\"><p>[vc_row][vc_column][vc_custom_heading text=&#8221;Pol\u00edtica de privacidad&#8221; use_theme_fonts=&#8221;yes&#8221;][vc_column_text]BALDOCER S.A. (en adelante, BALDOCER<em> como Responsable del Tratamiento informa que los datos de car\u00e1cter personal del CANDIDATO\/A ser\u00e1n tratados para gestionar los procesos de selecci\u00f3n y contrataci\u00f3n de <\/em>BALDOCER<em>, con base en la ejecuci\u00f3n de medidas precontractuales o la intenci\u00f3n de concluir un contrato. Los datos personales que<\/em> BALDOCER<em> tratar\u00e1 en caso de que \u00e9stos hayan sido obtenidos a trav\u00e9s de portales de empleo de Internet, son los datos asociados al curr\u00edculum del CANDIDATO\/A. Los datos personales del CANDIDATO\/A se podr\u00e1n comunicar a prestadores de servicios externos, y a otras compa\u00f1\u00edas del grupo al que pertenece <\/em>BALDOCER<em>. El CANDIDATO\/A podr\u00e1 ejercer sus derechos de acceso, rectificaci\u00f3n, supresi\u00f3n, oposici\u00f3n, limitaci\u00f3n del tratamiento, portabilidad y presentar una reclamaci\u00f3n ante la Agencia Espa\u00f1ola de Protecci\u00f3n de Datos, esta cl\u00e1usula se completa con lo previsto en la siguiente Pol\u00edtica de Privacidad para CANDIDATOS de <\/em>BALDOCER.[\/vc_column_text][vc_custom_heading text=&#8221;Pol\u00edtica de privacidad de candidatos&#8221; use_theme_fonts=&#8221;yes&#8221;][vc_column_text]<strong>Responsable del Tratamiento. <\/strong>BALDOCER S.A. (en adelante, BALDOCER) con C.I.F. A12370821\u00a0 Ctra. La Pobla Tornesa \u2013 Vall d\u2019Alba, Km 412192 Vilafam\u00e9s (Castell\u00f3n) Espa\u00f1a, que los datos de car\u00e1cter personal que el <em>CANDIDATO\/A <\/em>proporcione o que en el futuro pueda proporcionar, ser\u00e1n tratados de conformidad con lo previsto en la presente pol\u00edtica.<\/p>\n<p><strong>\u00a0<\/strong><\/p>\n<p><strong>Finalidad del Tratamiento. <\/strong>Las finalidades de la recogida de los datos son:<\/p>\n<ul>\n<li>Identificar y contactar con el <em>CANDIDATO\/A. <\/em><\/li>\n<li>Desarrollar las funciones de selecci\u00f3n y contrataci\u00f3n para prestar servicios laborales y\/o profesionales en<\/li>\n<\/ul>\n<p><strong>\u00a0<\/strong><\/p>\n<p><strong>Legitimaci\u00f3n. <\/strong>La base legal para el tratamiento de los datos personales del<em> CANDIDATO\/A <\/em>es la ejecuci\u00f3n de medidas precontractuales o la intenci\u00f3n de concluir un contrato<\/p>\n<p>&nbsp;<\/p>\n<p><strong>Conservaci\u00f3n de datos. <\/strong>Los datos proporcionados ser\u00e1n conservados por el tiempo que resulte necesario para completar las acciones propias del correspondiente proceso de selecci\u00f3n, hasta un m\u00e1ximo de seis (6) meses, una vez terminado el referido proceso. En caso de que el <em>CANDIDATO\/A<\/em> lo consienta expresamente, los datos proporcionados ser\u00e1n conservados por m\u00e1s tiempo con la finalidad de valorar el perfil del <em>CANDIDATO\/A<\/em> en futuros procesos de selecci\u00f3n.<\/p>\n<p><strong>\u00a0<\/strong><\/p>\n<p><strong>Destinatarios de los datos. <\/strong>Le informamos que los datos personales podr\u00e1n ser comunicados a otras compa\u00f1\u00edas del Grupo al que pertenece BALDOCER.<\/p>\n<p>&nbsp;<\/p>\n<p>Igualmente, los datos podr\u00e1n ser puestos a disposici\u00f3n del personal externo con el que BALDOCER colabora en sus procesos de selecci\u00f3n \u00fanica y exclusivamente para las finalidades se\u00f1aladas.<\/p>\n<p>Asimismo, los datos del <em>CANDIDATO\/A<\/em> podr\u00e1n ser tratados y comunicados en el marco de acciones y actos preparatorios y de revisi\u00f3n previos a operaciones mercantiles de cualquier naturaleza, tales como, y\/o sustituci\u00f3n en la actividad, a t\u00edtulo enunciativo y no limitativo fusi\u00f3n, escisi\u00f3n, cesi\u00f3n global de activos y pasivos, aportaci\u00f3n o transmisi\u00f3n de negocio o rama de actividad empresarial, o cualquier operaci\u00f3n de reestructuraci\u00f3n de negocio y\/o societaria de an\u00e1loga naturaleza, contemplada por la normativa mercantil; as\u00ed como en el marco de las referidas operaciones mercantiles.<\/p>\n<p><strong>Transferencias internacionales. <\/strong>En el caso en el que los datos se transfieran fuera de Espa\u00f1a, a pa\u00edses que est\u00e1n ubicados dentro y fuera del Espacio Econ\u00f3mico Europeo y a pa\u00edses que no ofrecen el mismo nivel de protecci\u00f3n que Espa\u00f1a, BALDOCER. adoptar\u00e1 las medidas legales necesarias que pasan por suscribir las correspondientes cl\u00e1usulas contractuales tipo que resulten de aplicaci\u00f3n.<\/p>\n<p>&nbsp;<\/p>\n<p><strong>Datos de terceros. <\/strong>En caso de que en cualquier momento del proceso el <em>CANDIDATO\/A<\/em> facilite a BALDOCER datos de car\u00e1cter personal de terceras personas con las que mantenga alguna relaci\u00f3n, el <em>CANDIDATO\/A<\/em> garantiza que est\u00e1 facultado leg\u00edtimamente para facilitar los referidos datos y que ha procedido a informar y obtener el consentimiento de esos terceros para la comunicaci\u00f3n de sus datos, respondiendo en caso de que no sea as\u00ed. No obstante, lo anterior, BALDOCER pondr\u00e1 todos sus esfuerzos en actuar debidamente en relaci\u00f3n con el tratamiento de dichos terceros.<\/p>\n<p><strong>\u00a0<\/strong><\/p>\n<p><strong>Actualizaci\u00f3n de datos. <\/strong>El <em>CANDIDATO\/A<\/em> se compromete y obliga a comunicar de forma inmediata a BALDOCER cualquier modificaci\u00f3n de sus datos de car\u00e1cter personal a fin de que la informaci\u00f3n contenida en los ficheros de BALDOCER est\u00e9 en todo momento actualizada y no contenga errores.<\/p>\n<p><strong>\u00a0<\/strong><\/p>\n<p><strong>Medidas de seguridad. <\/strong>BALDOCER informa al <em>CANDIDATO\/A<\/em> que tiene implantadas las medidas de seguridad de \u00edndole t\u00e9cnica y organizativas necesarias que garanticen la seguridad de sus datos de car\u00e1cter personal y eviten su alteraci\u00f3n, p\u00e9rdida, tratamiento y\/o acceso no autorizado, habida cuenta del estado de la tecnolog\u00eda, la naturaleza de los datos almacenados y los riesgos a que est\u00e1n expuestos, ya provengan de la acci\u00f3n humana o del medio f\u00edsico o natural.<\/p>\n<p><strong>\u00a0<\/strong><\/p>\n<p><strong>Derechos. <\/strong>El <em>CANDIDATO\/A<\/em> podr\u00e1, en los t\u00e9rminos establecidos en la normativa sobre protecci\u00f3n de datos vigente en cada momento, y de acuerdo con la normativa, revocar en cualquier momento la autorizaci\u00f3n concedida para el tratamiento y la cesi\u00f3n de los datos personales, as\u00ed como ejercer los derechos de acceso, rectificaci\u00f3n, la supresi\u00f3n, oposici\u00f3n, derecho a solicitar la limitaci\u00f3n del tratamiento de sus datos personales, el derecho a la portabilidad y el derecho a presentar una reclamaci\u00f3n ante una autoridad de control. Para ello se podr\u00e1 dirigir al Departamento de Recursos Humanos de BALDOCER a trav\u00e9s de la direcci\u00f3n: <a href=\"mailto:baldocer@baldocer.com\">baldocer@baldocer.com<\/a>.[\/vc_column_text][\/vc_column][\/vc_row]<\/p>\n<\/section>","protected":false},"excerpt":{"rendered":"<p>[vc_row][vc_column][vc_custom_heading text=&#8221;Pol\u00edtica de privacidad&#8221; use_theme_fonts=&#8221;yes&#8221;][vc_column_text]BALDOCER S.A. (en adelante, BALDOCER como Responsable del Tratamiento informa que los datos de car\u00e1cter personal del CANDIDATO\/A ser\u00e1n tratados para gestionar los procesos de selecci\u00f3n y contrataci\u00f3n de BALDOCER, con base en la ejecuci\u00f3n de medidas precontractuales o la intenci\u00f3n de concluir un contrato. Los datos personales que BALDOCER tratar\u00e1 [&hellip;]<\/p>\n","protected":false},"author":1,"featured_media":0,"parent":0,"menu_order":0,"comment_status":"closed","ping_status":"closed","template":"","meta":{"footnotes":""},"class_list":["post-1482","page","type-page","status-publish","hentry"],"_links":{"self":[{"href":"https:\/\/baldocer.com\/en\/wp-json\/wp\/v2\/pages\/1482","targetHints":{"allow":["GET"]}}],"collection":[{"href":"https:\/\/baldocer.com\/en\/wp-json\/wp\/v2\/pages"}],"about":[{"href":"https:\/\/baldocer.com\/en\/wp-json\/wp\/v2\/types\/page"}],"author":[{"embeddable":true,"href":"https:\/\/baldocer.com\/en\/wp-json\/wp\/v2\/users\/1"}],"replies":[{"embeddable":true,"href":"https:\/\/baldocer.com\/en\/wp-json\/wp\/v2\/comments?post=1482"}],"version-history":[{"count":4,"href":"https:\/\/baldocer.com\/en\/wp-json\/wp\/v2\/pages\/1482\/revisions"}],"predecessor-version":[{"id":3771,"href":"https:\/\/baldocer.com\/en\/wp-json\/wp\/v2\/pages\/1482\/revisions\/3771"}],"wp:attachment":[{"href":"https:\/\/baldocer.com\/en\/wp-json\/wp\/v2\/media?parent=1482"}],"curies":[{"name":"wp","href":"https:\/\/api.w.org\/{rel}","templated":true}]}}