{"id":1481,"date":"2020-11-23T09:40:13","date_gmt":"2020-11-23T08:40:13","guid":{"rendered":"https:\/\/baldocer.com\/advertencia-de-privacidad-para-contactos\/"},"modified":"2020-11-23T09:40:13","modified_gmt":"2020-11-23T08:40:13","slug":"advertencia-de-privacidad-para-contactos","status":"publish","type":"page","link":"https:\/\/baldocer.com\/en\/advertencia-de-privacidad-para-contactos\/","title":{"rendered":"Advertencia de privacidad para contactos"},"content":{"rendered":"<section class=\"wpb-content-wrapper\"><p>[vc_row][vc_column][vc_custom_heading text=&#8221;ADVERTENCIA DE PRIVACIDAD PARA CONTACTOS&#8221; use_theme_fonts=&#8221;yes&#8221;][vc_column_text]El Responsable del tratamiento de acuerdo con la LO 3\/2018 y el RGPDUE 2016\/679 le informa que:<\/p>\n<p>Usted por este medio, autoriza y da su conformidad para que sus datos sean recogidos y tratados en su calidad de Contacto, y al proporcionarlos sean tratados de forma confidencial y queden incorporados a la correspondiente actividad de tratamiento en nuestro Registro de Actividades que usted puede consultar y se conservar\u00e1n mientras se mantenga la relaci\u00f3n o durante los a\u00f1os necesarios para cumplir con las obligaciones legales y no se ceder\u00e1n a terceros salvo en los casos en que exista una obligaci\u00f3n legal acepta el uso de las cookies\u00a0 &#8220;cookies permanentes&#8221; de esta web en este apartado. Usted tiene derecho a obtener confirmaci\u00f3n sobre si estamos tratando sus datos personales, por tanto tiene derecho a acceder a sus datos personales, rectificar los datos inexactos o solicitar su supresi\u00f3n cuando los datos ya no sean necesarios, mediante comunicaci\u00f3n escrita a: CTRA. LA POBLA TORNESA-VALL D\u2019ALBA, KM. 4\u00a0\u00a0 VILAFAM\u00c9S CASTELLON CP.12192 o <a href=\"mailto:baldocer@baldocer.com\">baldocer@baldocer.com<\/a>[\/vc_column_text][\/vc_column][\/vc_row]<\/p>\n<\/section>","protected":false},"excerpt":{"rendered":"<p>[vc_row][vc_column][vc_custom_heading text=&#8221;ADVERTENCIA DE PRIVACIDAD PARA CONTACTOS&#8221; use_theme_fonts=&#8221;yes&#8221;][vc_column_text]El Responsable del tratamiento de acuerdo con la LO 3\/2018 y el RGPDUE 2016\/679 le informa que: Usted por este medio, autoriza y da su conformidad para que sus datos sean recogidos y tratados en su calidad de Contacto, y al proporcionarlos sean tratados de forma confidencial y queden [&hellip;]<\/p>\n","protected":false},"author":1,"featured_media":0,"parent":0,"menu_order":0,"comment_status":"closed","ping_status":"closed","template":"","meta":{"footnotes":""},"class_list":["post-1481","page","type-page","status-publish","hentry"],"_links":{"self":[{"href":"https:\/\/baldocer.com\/en\/wp-json\/wp\/v2\/pages\/1481","targetHints":{"allow":["GET"]}}],"collection":[{"href":"https:\/\/baldocer.com\/en\/wp-json\/wp\/v2\/pages"}],"about":[{"href":"https:\/\/baldocer.com\/en\/wp-json\/wp\/v2\/types\/page"}],"author":[{"embeddable":true,"href":"https:\/\/baldocer.com\/en\/wp-json\/wp\/v2\/users\/1"}],"replies":[{"embeddable":true,"href":"https:\/\/baldocer.com\/en\/wp-json\/wp\/v2\/comments?post=1481"}],"version-history":[{"count":0,"href":"https:\/\/baldocer.com\/en\/wp-json\/wp\/v2\/pages\/1481\/revisions"}],"wp:attachment":[{"href":"https:\/\/baldocer.com\/en\/wp-json\/wp\/v2\/media?parent=1481"}],"curies":[{"name":"wp","href":"https:\/\/api.w.org\/{rel}","templated":true}]}}