{"id":1480,"date":"2018-04-09T15:12:30","date_gmt":"2018-04-09T15:12:30","guid":{"rendered":"https:\/\/baldocer.com\/politica-de-cookies\/"},"modified":"2018-04-09T15:12:30","modified_gmt":"2018-04-09T15:12:30","slug":"politica-de-cookies","status":"publish","type":"page","link":"https:\/\/baldocer.com\/en\/politica-de-cookies\/","title":{"rendered":"Pol\u00edtica de cookies"},"content":{"rendered":"<section class=\"wpb-content-wrapper\"><p>[vc_row][vc_column][vc_custom_heading text=&#8221;Pol\u00edtica de cookies&#8221; use_theme_fonts=&#8221;yes&#8221;][vc_column_text]Todos los sitios web utilizan cookies.<\/p>\n<h3>\u00bfQu\u00e9 son las cookies?<\/h3>\n<p>Las cookies son datos acerca del usuario de un sitio Web que se almacenan en el ordenador del usuario y se recupera la informaci\u00f3n cuando navegas al visitar el mismo sitio web.<\/p>\n<p>Hay diversos tipos de cookies, seg\u00fan quien que las gestiona, y el equipo o dominio desde donde se env\u00edan las cookies y traten los datos que se obtengan, podemos saber o distinguir entre ellas:<\/p>\n<p><u><strong>Cookies propias<\/strong><\/u>: Son aquellas que se env\u00edan al equipo terminal del usuario desde un equipo o dominio gestionado por el propio editor y desde el que se presta el servicio solicitado por el usuario.<\/p>\n<p><u><strong>Cookies de terceros<\/strong><\/u>: Son aquellas que se env\u00edan al equipo terminal del usuario desde un equipo o dominio que no es gestionado por el editor, sino por otra entidad que trata los datos obtenidos trav\u00e9s de las cookies.<\/p>\n<p>En el caso de que las cookies sean instaladas desde un equipo o dominio gestionado por el propio editor, pero la informaci\u00f3n que se recoja mediante \u00e9stas sea gestionada por un tercero, no pueden ser consideradas como cookies propias.<\/p>\n<p style=\"text-align: center;\"><strong>Tipos de cookies seg\u00fan el plazo de tiempo que permanecen activadas:<\/strong><\/p>\n<p>Seg\u00fan el plazo de tiempo que permanecen activadas en el equipo terminal podemos distinguir:<\/p>\n<p><u><strong>Cookies de sesi\u00f3n<\/strong><\/u>: Son un tipo de cookies dise\u00f1adas para recabar y almacenar datos mientras el usuario accede a una p\u00e1gina web. Se suelen emplear para almacenar informaci\u00f3n que solo interesa conservar para la prestaci\u00f3n del servicio solicitado por el usuario en una sola ocasi\u00f3n (por ej. una lista de productos adquiridos).<\/p>\n<p><u><strong>Cookies persistentes<\/strong><\/u>: Son un tipo de cookies en el que los datos siguen almacenados en el terminal y pueden ser accedidos y tratados durante un periodo definido por el responsable de la cookie, y que puede ir de unos minutos a varios a\u00f1os.<\/p>\n<p style=\"text-align: center;\"><strong>Tipos de cookies seg\u00fan su finalidad:<\/strong><\/p>\n<p>Seg\u00fan la finalidad para la que se traten los datos obtenidos a trav\u00e9s de las cookies, podemos distinguir entre:<\/p>\n<p><u><strong>Cookies t\u00e9cnicas<\/strong><\/u>: Son aqu\u00e9llas que permiten al usuario la navegaci\u00f3n a trav\u00e9s de una p\u00e1gina web, plataforma o aplicaci\u00f3n y la utilizaci\u00f3n de las diferentes opciones o servicios que en ella existan como, por ejemplo, controlar el tr\u00e1fico y la comunicaci\u00f3n de datos, identificar la sesi\u00f3n, acceder a partes de acceso restringido, recordar los elementos que integran un pedido, realizar el proceso de compra de un pedido, realizar la solicitud de inscripci\u00f3n o participaci\u00f3n en un evento, utilizar elementos de seguridad durante la navegaci\u00f3n, almacenar contenidos para la difusi\u00f3n de v\u00eddeos o sonido o compartir contenidos a trav\u00e9s de redes sociales.<\/p>\n<p><u><strong>Cookies de preferencias o personalizaci\u00f3n<\/strong><\/u>: Son aqu\u00e9llas que permiten al usuario acceder al servicio con algunas caracter\u00edsticas de car\u00e1cter general predefinidas en funci\u00f3n de una serie de criterios en el terminal del usuario como por ejemplo serian el idioma, el tipo de navegador a trav\u00e9s del cual accede al servicio, la configuraci\u00f3n regional desde donde accede al servicio, etc.<\/p>\n<p><u><strong>Cookies de an\u00e1lisis o medici\u00f3n<\/strong><\/u>: Son aqu\u00e9llas que permiten al responsable de las mismas, el seguimiento y an\u00e1lisis del comportamiento de los usuarios de los sitios web a los que est\u00e1n vinculadas. La informaci\u00f3n recogida mediante este tipo de cookies se utiliza en la medici\u00f3n de la actividad de los sitios web, aplicaci\u00f3n o plataforma y para la elaboraci\u00f3n de perfiles de navegaci\u00f3n de los usuarios de dichos sitios, aplicaciones y plataformas, con el fin de introducir mejoras en funci\u00f3n del an\u00e1lisis de los datos de uso que hacen los usuarios del servicio.<\/p>\n<p><u><strong>Cookies publicitarias<\/strong><\/u>: Son aquellas que permiten la gesti\u00f3n, de la forma m\u00e1s eficaz posible, de los espacios publicitarios que, en su caso, el editor haya incluido en una p\u00e1gina web, aplicaci\u00f3n o plataforma desde la que presta el servicio solicitado en base a criterios como el contenido editado o la frecuencia en la que se muestran los anuncios.<\/p>\n<p><u><strong>Cookies de publicidad comportamental<\/strong><\/u>: Son aquellas que permiten la gesti\u00f3n, de la forma m\u00e1s eficaz posible, de los espacios publicitarios que, en su caso, el editor haya incluido en una p\u00e1gina web, aplicaci\u00f3n o plataforma desde la que presta el servicio solicitado. Estas cookies almacenan informaci\u00f3n del comportamiento de los usuarios obtenida a trav\u00e9s de la observaci\u00f3n continuada de sus h\u00e1bitos de navegaci\u00f3n, lo que permite desarrollar un perfil espec\u00edfico para mostrar publicidad en funci\u00f3n del mismo.<\/p>\n<h3>\u00bfC\u00f3mo desactivar las cookies desde su navegador web?<\/h3>\n<p>Para ello debe saber que los navegadores permiten, bloquear, restringir e incluso borrar las cookies. Todos los navegadores tienen una configuraci\u00f3n para ello, y puede hacerlo siguiendo uno de los siguientes procedimientos que se detallan a continuaci\u00f3n:<\/p>\n<ul>\n<li><a href=\"http:\/\/support.google.com\/chrome\/answer\/95647?hl=es\" target=\"_blank\" rel=\"noopener noreferrer\"><strong>Google Chrome\u00a0 <\/strong><\/a><\/li>\n<li><a href=\"http:\/\/support.mozilla.org\/es\/kb\/habilitar-y-deshabilitar-cookies-que-los-sitios-we\" target=\"_blank\" rel=\"noopener noreferrer\"><strong>Mozilla Firefox\u00a0 <\/strong><\/a><\/li>\n<li><a href=\"http:\/\/windows.microsoft.com\/es-es\/windows-vista\/block-or-allow-cookies\" target=\"_blank\" rel=\"noopener noreferrer\"><strong>Internet Explorer\u00a0 <\/strong><\/a><\/li>\n<li><a href=\"http:\/\/support.apple.com\/kb\/ph5042?viewlocale=es_es\" target=\"_blank\" rel=\"noopener noreferrer\"><strong>Safari\u00a0 <\/strong><\/a><\/li>\n<li><a href=\"http:\/\/help.opera.com\/Windows\/12.10\/en\/cookies.html\" target=\"_blank\" rel=\"noopener noreferrer\"><strong>Opera\u00a0 <\/strong><\/a><\/li>\n<li><a href=\"http:\/\/www.windowsphone.com\/es-es\/how-to\/wp7\/web\/changing-privacy-and-other-browser-settings\" target=\"_blank\" rel=\"noopener noreferrer\"><strong>Internet Explorer (Windows Phone)\u00a0 <\/strong><\/a><\/li>\n<li><a href=\"http:\/\/support.apple.com\/kb\/ht1677?viewlocale=es_es\" target=\"_blank\" rel=\"noopener noreferrer\"><strong>Safari para IOS (iPhone y iPad)\u00a0 <\/strong><\/a><\/li>\n<li><a href=\"http:\/\/support.google.com\/chrome\/answer\/2392971?hl=es\" target=\"_blank\" rel=\"noopener noreferrer\"><strong>Chrome para Android\u00a0<\/strong><\/a><\/li>\n<\/ul>\n<p><strong>Esta web utiliza la informaci\u00f3n recopilada a trav\u00e9s de los siguientes tipos de cookies para mejorar los contenidos y el uso de este sitio Web.<\/strong><\/p>\n<table width=\"990\">\n<tbody>\n<tr>\n<td width=\"145\"><strong>Cookie<\/strong><\/td>\n<td width=\"221\"><strong>Tipo<\/strong><\/td>\n<td width=\"80\"><strong>Duraci\u00f3n<\/strong><\/td>\n<td width=\"544\"><strong>Prop\u00f3sito<\/strong><\/td>\n<\/tr>\n<tr>\n<td>_gat<\/td>\n<td>Cookie de terceros. An\u00e1lisis<\/td>\n<td>10 minutos<\/td>\n<td width=\"544\">Google Universal Analytics. Seg\u00fan la documentaci\u00f3n se utiliza para estrangular la tasa de solicitud &#8211; limitando la recogida de datos en sitios de alto tr\u00e1fico.<\/td>\n<\/tr>\n<tr>\n<td>_ga<\/td>\n<td>Cookie de terceros. An\u00e1lisis<\/td>\n<td>2 a\u00f1os<\/td>\n<td width=\"544\">Google Universal Analytics. Actualizaci\u00f3n significativa del servicio de an\u00e1lisis de Google m\u00e1s utilizado. Esta cookie se utiliza para distinguir a los usuarios \u00fanicos mediante la asignaci\u00f3n de un n\u00famero generado aleatoriamente como identificador de cliente. Se incluye en cada solicitud de p\u00e1gina de un sitio y se utiliza para calcular los datos de visitantes, sesiones y campa\u00f1as para los informes anal\u00edticos del sitio. De forma predeterminada, se establece que caduca a los dos a\u00f1os, aunque los propietarios de los sitios web pueden personalizarla.<\/td>\n<\/tr>\n<tr>\n<td>_gid<\/td>\n<td>Cookie de terceros. An\u00e1lisis<\/td>\n<td>24 horas<\/td>\n<td width=\"544\">Google Universal Analytics. Almacena y actualiza un valor \u00fanico para cada p\u00e1gina visitada.<\/td>\n<\/tr>\n<tr>\n<td>_icl_current_language<\/td>\n<td>Cookie propia. T\u00e9cnica<\/td>\n<td>24 horas<\/td>\n<td width=\"544\">Plug-in multiling\u00fce de WordPress de WPML. Almacena un valor de idioma para el sitio web. Cuando la cookie se establece en respuesta a una acci\u00f3n o solicitud del usuario, y siempre que tenga una vida \u00fatil corta, puede ser tratada como estrictamente necesaria.<\/td>\n<\/tr>\n<tr>\n<td>PHPSESSID<\/td>\n<td>Cookie propia. T\u00e9cnica<\/td>\n<td>Sesi\u00f3n<\/td>\n<td>La cookie de sesi\u00f3n de PHP asociada con el contenido incrustado de este dominio.<\/td>\n<\/tr>\n<tr>\n<td>atic_cookie_checker<\/td>\n<td>Cookie propia. T\u00e9cnica<\/td>\n<td>20 d\u00edas<\/td>\n<td>Identificar si el usuario acepta el uso de cookies<\/td>\n<\/tr>\n<\/tbody>\n<\/table>\n<p>[\/vc_column_text][\/vc_column][\/vc_row]<\/p>\n<\/section>","protected":false},"excerpt":{"rendered":"<p>[vc_row][vc_column][vc_custom_heading text=&#8221;Pol\u00edtica de cookies&#8221; use_theme_fonts=&#8221;yes&#8221;][vc_column_text]Todos los sitios web utilizan cookies. \u00bfQu\u00e9 son las cookies? Las cookies son datos acerca del usuario de un sitio Web que se almacenan en el ordenador del usuario y se recupera la informaci\u00f3n cuando navegas al visitar el mismo sitio web. Hay diversos tipos de cookies, seg\u00fan quien que las [&hellip;]<\/p>\n","protected":false},"author":1,"featured_media":0,"parent":0,"menu_order":0,"comment_status":"closed","ping_status":"closed","template":"","meta":{"footnotes":""},"class_list":["post-1480","page","type-page","status-publish","hentry"],"_links":{"self":[{"href":"https:\/\/baldocer.com\/en\/wp-json\/wp\/v2\/pages\/1480","targetHints":{"allow":["GET"]}}],"collection":[{"href":"https:\/\/baldocer.com\/en\/wp-json\/wp\/v2\/pages"}],"about":[{"href":"https:\/\/baldocer.com\/en\/wp-json\/wp\/v2\/types\/page"}],"author":[{"embeddable":true,"href":"https:\/\/baldocer.com\/en\/wp-json\/wp\/v2\/users\/1"}],"replies":[{"embeddable":true,"href":"https:\/\/baldocer.com\/en\/wp-json\/wp\/v2\/comments?post=1480"}],"version-history":[{"count":0,"href":"https:\/\/baldocer.com\/en\/wp-json\/wp\/v2\/pages\/1480\/revisions"}],"wp:attachment":[{"href":"https:\/\/baldocer.com\/en\/wp-json\/wp\/v2\/media?parent=1480"}],"curies":[{"name":"wp","href":"https:\/\/api.w.org\/{rel}","templated":true}]}}