{"id":1478,"date":"2020-11-23T09:54:25","date_gmt":"2020-11-23T08:54:25","guid":{"rendered":"https:\/\/baldocer.com\/condiciones-y-advertencias-del-registro-de-usuarios\/"},"modified":"2020-11-23T09:54:25","modified_gmt":"2020-11-23T08:54:25","slug":"condiciones-y-advertencias-del-registro-de-usuarios","status":"publish","type":"page","link":"https:\/\/baldocer.com\/en\/condiciones-y-advertencias-del-registro-de-usuarios\/","title":{"rendered":"CONDICIONES Y ADVERTENCIAS DEL REGISTRO DE USUARIOS"},"content":{"rendered":"<section class=\"wpb-content-wrapper\"><p>[vc_row][vc_column][vc_custom_heading text=&#8221;CONDICIONES Y ADVERTENCIAS DEL REGISTRO DE USUARIOS&#8221; use_theme_fonts=&#8221;yes&#8221;][vc_column_text]El Responsable del tratamiento BALDOCER S.A. de acuerdo con la LO 3\/2018 y el RGPDUE 2016\/679 le informa que como usuario de este sitio es imprescindible que usted sepa que:<\/p>\n<p>Los datos de car\u00e1cter personal que se faciliten al registrarse como Usuario, quedar\u00e1n registrados en nuestro Registro de Actividades con la finalidad de dar tr\u00e1mite y gestionar sus solicitudes, contestar a las consultas y obtener datos estad\u00edsticos de los mismos, como as\u00ed tambi\u00e9n para el env\u00edo de informaci\u00f3n, notificaciones, promociones y publicidad. Estos datos de car\u00e1cter personal que usted nos facilita libremente podr\u00e1n ser cedidos a terceros siempre dentro de las cesiones legalmente establecidas y permitidas por la Ley.<\/p>\n<p>Darse de alta es totalmente gratuito. Con su clave de usuario podr\u00e1 participar de los servicios que esta web ofrece a sus usuarios en forma personalizada.<\/p>\n<p>Usted por este medio, autoriza y da su conformidad para que sus datos sean recogidos y tratados en su calidad de suscriptor, para proporcionar servicios espec\u00edficos y personalizar su experiencia en el sitio y acepta el uso de las cookies\u00a0 &#8220;cookies permanentes&#8221; de esta web.<\/p>\n<p>Es posible que utilicemos la informaci\u00f3n que nos ha proporcionado para enviarle ofertas por correo electr\u00f3nico o postal que sean de su inter\u00e9s. En cada uno de esos correos se incluye informaci\u00f3n sobre c\u00f3mo anular la suscripci\u00f3n y dejar de recibir nuestros correos en el futuro. Tambi\u00e9n es posible que nos pongamos en contacto con usted para comprobar si est\u00e1 interesado en participar en un estudio de mercado relacionado con su actividad. Como parte de nuestra pol\u00edtica, s\u00f3lo se env\u00edan correos electr\u00f3nicos o postales a los clientes o usuarios que lo autoricen. En cada uno de esos correos se incluye informaci\u00f3n sobre c\u00f3mo anular la suscripci\u00f3n y dejar de recibir nuestros correos en el futuro.<\/p>\n<p>Por lo general, mantenemos la informaci\u00f3n del usuario hasta el momento en que se anula la suscripci\u00f3n o hasta el vencimiento de cualquier per\u00edodo necesario descrito en la normativa vigente.<\/p>\n<p>Usted tiene derecho a obtener confirmaci\u00f3n sobre si estamos tratando sus datos personales correctamente, por tanto tiene derecho a acceder a sus datos personales, rectificar los datos inexactos o solicitar su supresi\u00f3n, mediante comunicaci\u00f3n escrita a: CTRA. LA POBLA TORNESA-VALL D\u2019ALBA, KM. 4\u00a0\u00a0 VILAFAM\u00c9S CASTELLON CP.12192 o <a href=\"mailto:baldocer@baldocer.com\">baldocer@baldocer.com<\/a>[\/vc_column_text][\/vc_column][\/vc_row]<\/p>\n<\/section>","protected":false},"excerpt":{"rendered":"<p>[vc_row][vc_column][vc_custom_heading text=&#8221;CONDICIONES Y ADVERTENCIAS DEL REGISTRO DE USUARIOS&#8221; use_theme_fonts=&#8221;yes&#8221;][vc_column_text]El Responsable del tratamiento BALDOCER S.A. de acuerdo con la LO 3\/2018 y el RGPDUE 2016\/679 le informa que como usuario de este sitio es imprescindible que usted sepa que: Los datos de car\u00e1cter personal que se faciliten al registrarse como Usuario, quedar\u00e1n registrados en nuestro Registro [&hellip;]<\/p>\n","protected":false},"author":1,"featured_media":0,"parent":0,"menu_order":0,"comment_status":"closed","ping_status":"closed","template":"","meta":{"footnotes":""},"class_list":["post-1478","page","type-page","status-publish","hentry"],"_links":{"self":[{"href":"https:\/\/baldocer.com\/en\/wp-json\/wp\/v2\/pages\/1478","targetHints":{"allow":["GET"]}}],"collection":[{"href":"https:\/\/baldocer.com\/en\/wp-json\/wp\/v2\/pages"}],"about":[{"href":"https:\/\/baldocer.com\/en\/wp-json\/wp\/v2\/types\/page"}],"author":[{"embeddable":true,"href":"https:\/\/baldocer.com\/en\/wp-json\/wp\/v2\/users\/1"}],"replies":[{"embeddable":true,"href":"https:\/\/baldocer.com\/en\/wp-json\/wp\/v2\/comments?post=1478"}],"version-history":[{"count":0,"href":"https:\/\/baldocer.com\/en\/wp-json\/wp\/v2\/pages\/1478\/revisions"}],"wp:attachment":[{"href":"https:\/\/baldocer.com\/en\/wp-json\/wp\/v2\/media?parent=1478"}],"curies":[{"name":"wp","href":"https:\/\/api.w.org\/{rel}","templated":true}]}}